{"id":1519,"date":"2019-05-24T11:07:16","date_gmt":"2019-05-24T09:07:16","guid":{"rendered":"https:\/\/www.joergbehr.de\/?page_id=1519"},"modified":"2021-06-30T16:23:00","modified_gmt":"2021-06-30T14:23:00","slug":"besetzung-der-vetter-aus-dingsda","status":"publish","type":"page","link":"https:\/\/www.joergbehr.de\/?page_id=1519","title":{"rendered":"Besetzung DER VETTER AUS DINGSDA"},"content":{"rendered":"<p><strong><span style=\"color: #808080;\">Musikalische Leitung:<\/span> <a href=\"https:\/\/www.landestheater-coburg.de\/unser-haus\/orchester\/roland-fister\/\"><span style=\"color: #000000;\">Roland Fister<\/span><\/a><span style=\"color: #808080;\">,<\/span> <span style=\"color: #999999;\"><span style=\"color: #808080;\">Inszenierung:<\/span> <\/span><span style=\"color: #000000;\"><a style=\"color: #000000;\" href=\"https:\/\/www.joergbehr.de\/\" target=\"_blank\" rel=\"noreferrer noopener\">J\u00f6rg Behr<\/a><\/span>, <span style=\"color: #808080;\">B\u00fchne und Kost\u00fcme:<\/span> <span style=\"color: #000000;\">Marc Weeger<\/span><span style=\"color: #808080;\">, Choreografie:<\/span> <span style=\"color: #000000;\">Daniel C\u00eempean<\/span> <span style=\"color: #999999;\"><span style=\"color: #808080;\">Dramaturgie:<\/span> <\/span><span style=\"color: #000000;\">Dorothee Harpain<span style=\"color: #808080;\">.<\/span><\/span><\/strong><br data-rich-text-line-break=\"true\" \/><br data-rich-text-line-break=\"true\" \/><strong><span style=\"color: #808080;\">Julia de Weert: <\/span><span style=\"color: #000000;\"><a style=\"color: #000000;\" href=\"https:\/\/www.salzburger-landestheater.at\/de\/personen\/laura-incko.html?ID_Taetigkeit=5\">Laura Incko<\/a><\/span><span style=\"color: #808080;\">, der erste Fremde, August Kuhbrot:<\/span> <a href=\"https:\/\/www.landestheater-coburg.de\/unser-haus\/musiktheater\/peter-aisher\/\"><span style=\"color: #000000;\">Peter Aisher<span style=\"color: #808080;\">, <\/span><\/span><\/a><\/strong><br data-rich-text-line-break=\"true\" \/><strong><span style=\"color: #808080;\">Hannchen, Freundin von Julia: <\/span><span style=\"color: #000000;\"><a style=\"color: #000000;\" href=\"https:\/\/www.landestheater-coburg.de\/unser-haus\/musiktheater\/francesca-paratore\/\">Francesca Paratore<\/a> \/ <a style=\"color: #000000;\" href=\"https:\/\/www.landestheater-coburg.de\/unser-haus\/musiktheater\/dimitra-kotidou\/\">Dimitra Kotidou<\/a><\/span><span style=\"color: #808080;\">, der zweite Fremde, Roderich de Weert: <\/span><span style=\"color: #000000;\">Jan Korab<\/span><span style=\"color: #808080;\">, Josef Kuhbrot, Onkel von Julia:<\/span> <span style=\"color: #000000;\"><a style=\"color: #000000;\" href=\"https:\/\/www.landestheater-coburg.de\/unser-haus\/musiktheater\/michael-lion\/\">Michael Lion<\/a><\/span>, <span style=\"color: #808080;\">Wilhelmine Kuhbrot, dessen Frau: <\/span><span style=\"color: #000000;\">Anne He\u00dfling<\/span><span style=\"color: #808080;\">, Egon von Wildenhagen:<\/span><span style=\"color: #000000;\"> <a style=\"color: #000000;\" href=\"https:\/\/www.landestheater-coburg.de\/unser-haus\/musiktheater\/dirk-mestmacher\/\">Dirk Mestmacher<span style=\"color: #808080;\">,<\/span><\/a><\/span><span style=\"color: #808080;\"> Diener Hans:<\/span> <span style=\"color: #000000;\">Konstantinos Bafas<\/span><span style=\"color: #808080;\">, Diener Karl: <\/span><span style=\"color: #000000;\">Martin Trepl<span style=\"color: #808080;\">.<\/span><\/span><\/strong><br data-rich-text-line-break=\"true\" \/><br data-rich-text-line-break=\"true\" \/><span style=\"color: #000000;\"><strong>Philharmonisches Orchester Landestheater Coburg.<\/strong><\/span><\/p>\n","protected":false},"excerpt":{"rendered":"<p>Musikalische Leitung: Roland Fister, Inszenierung: J\u00f6rg Behr, B\u00fchne und Kost\u00fcme: Marc Weeger, Choreografie: Daniel C\u00eempean Dramaturgie: Dorothee Harpain.Julia de Weert: Laura Incko, der erste Fremde, August Kuhbrot: Peter Aisher, Hannchen, Freundin von Julia: Francesca Paratore \/ Dimitra Kotidou, der zweite Fremde, Roderich de Weert: Jan &hellip; <a href=\"https:\/\/www.joergbehr.de\/?page_id=1519\" class=\"more-link\"><span>Continue reading<span class=\"screen-reader-text\">Besetzung DER VETTER AUS DINGSDA<\/span><\/span><\/a><\/p>\n","protected":false},"author":1,"featured_media":0,"parent":1514,"menu_order":0,"comment_status":"closed","ping_status":"closed","template":"","meta":{"jetpack_post_was_ever_published":false,"footnotes":""},"class_list":["post-1519","page","type-page","status-publish","hentry"],"jetpack_sharing_enabled":true,"jetpack_shortlink":"https:\/\/wp.me\/P9tc3I-ov","jetpack_likes_enabled":true,"jetpack-related-posts":[],"_links":{"self":[{"href":"https:\/\/www.joergbehr.de\/index.php?rest_route=\/wp\/v2\/pages\/1519","targetHints":{"allow":["GET"]}}],"collection":[{"href":"https:\/\/www.joergbehr.de\/index.php?rest_route=\/wp\/v2\/pages"}],"about":[{"href":"https:\/\/www.joergbehr.de\/index.php?rest_route=\/wp\/v2\/types\/page"}],"author":[{"embeddable":true,"href":"https:\/\/www.joergbehr.de\/index.php?rest_route=\/wp\/v2\/users\/1"}],"replies":[{"embeddable":true,"href":"https:\/\/www.joergbehr.de\/index.php?rest_route=%2Fwp%2Fv2%2Fcomments&post=1519"}],"version-history":[{"count":16,"href":"https:\/\/www.joergbehr.de\/index.php?rest_route=\/wp\/v2\/pages\/1519\/revisions"}],"predecessor-version":[{"id":2019,"href":"https:\/\/www.joergbehr.de\/index.php?rest_route=\/wp\/v2\/pages\/1519\/revisions\/2019"}],"up":[{"embeddable":true,"href":"https:\/\/www.joergbehr.de\/index.php?rest_route=\/wp\/v2\/pages\/1514"}],"wp:attachment":[{"href":"https:\/\/www.joergbehr.de\/index.php?rest_route=%2Fwp%2Fv2%2Fmedia&parent=1519"}],"curies":[{"name":"wp","href":"https:\/\/api.w.org\/{rel}","templated":true}]}}