{"id":1676,"date":"2019-12-07T16:11:50","date_gmt":"2019-12-07T15:11:50","guid":{"rendered":"https:\/\/www.joergbehr.de\/?page_id=1676"},"modified":"2019-12-07T16:36:33","modified_gmt":"2019-12-07T15:36:33","slug":"besetzung-un-ballo-in-maschera-ein-maskenball","status":"publish","type":"page","link":"https:\/\/www.joergbehr.de\/?page_id=1676","title":{"rendered":"Besetzung Un Ballo In Maschera (Ein Maskenball)"},"content":{"rendered":"<h6><strong><span style=\"color: #808080;\">Musikalische Leitung:<\/span><a href=\"https:\/\/theater-altenburg-gera.de\/ueber-uns\/mitarbeiter\/mitarbeiter\/?tx_theatre_person%5Baction%5D=show&amp;tx_theatre_person%5Bactor%5D=6&amp;cHash=f312704be089d29a21aaf1f8b9e8e04a\"> Laurent Wagner,&nbsp;<\/a><span style=\"color: #808080;\">Inszenierung:<\/span> <a href=\"https:\/\/theater-altenburg-gera.de\/ueber-uns\/mitarbeiter\/mitarbeiter\/?tx_theatre_person%5Baction%5D=show&amp;tx_theatre_person%5Bactor%5D=888&amp;cHash=5ca1b067052b95c8b4c737025a7abdd2\">J\u00f6rg Behr, <\/a><span style=\"color: #808080;\">B\u00fchne, Kost\u00fcme:<\/span> <a href=\"https:\/\/theater-altenburg-gera.de\/ueber-uns\/mitarbeiter\/mitarbeiter\/?tx_theatre_person%5Baction%5D=show&amp;tx_theatre_person%5Bactor%5D=818&amp;cHash=0466010e38f9e8d49b8eb3692e597e65\">Anna Brandst\u00e4tter<\/a>, <span style=\"color: #808080;\">Choreinstudierung:<\/span> <a href=\"https:\/\/theater-altenburg-gera.de\/ueber-uns\/mitarbeiter\/mitarbeiter\/?tx_theatre_person%5Baction%5D=show&amp;tx_theatre_person%5Bactor%5D=670&amp;cHash=2ff603cb5b64487d1351b6015d2c5240\">Gerald Krammer, <\/a><span style=\"color: #808080;\">Dramaturgie:<\/span> <a href=\"https:\/\/theater-altenburg-gera.de\/ueber-uns\/mitarbeiter\/mitarbeiter\/?tx_theatre_person%5Baction%5D=show&amp;tx_theatre_person%5Bactor%5D=9&amp;cHash=041631fda8c2e6a63fcf4eabb7966d9d\">Felix Eckerle.<\/a><\/strong><\/h6>\n<h6><strong><span style=\"color: #999999;\">Riccardo:<\/span> <a href=\"https:\/\/theater-altenburg-gera.de\/ueber-uns\/mitarbeiter\/mitarbeiter\/?tx_theatre_person%5Baction%5D=show&amp;tx_theatre_person%5Bactor%5D=846&amp;cHash=2a3f817ffda97d88c37bd3a099484105\">Isaac Lee<\/a><span style=\"color: #999999;\">,<\/span> <span style=\"color: #999999;\">Renato:<\/span> <a href=\"https:\/\/theater-altenburg-gera.de\/ueber-uns\/mitarbeiter\/mitarbeiter\/?tx_theatre_person%5Baction%5D=show&amp;tx_theatre_person%5Bactor%5D=644&amp;cHash=a6cdbb5249d2c493ea50f99d3d9de882\">Alejandro L\u00e1rraga Schleske<span style=\"color: #999999;\">, <\/span><\/a><span style=\"color: #999999;\">Amelia:<\/span> <a href=\"https:\/\/theater-altenburg-gera.de\/ueber-uns\/mitarbeiter\/mitarbeiter\/?tx_theatre_person%5Baction%5D=show&amp;tx_theatre_person%5Bactor%5D=59&amp;cHash=9e78504e39b330de9a01cc77a680cfa0\">Anne Preu\u00df<\/a><span style=\"color: #999999;\">, Ulrica:<\/span> <a href=\"https:\/\/theater-altenburg-gera.de\/ueber-uns\/mitarbeiter\/mitarbeiter\/?tx_theatre_person%5Baction%5D=show&amp;tx_theatre_person%5Bactor%5D=866&amp;cHash=9fa7d857aac483e1d26b3a9d5ded3582\">Eva-Maria Wurlitzer<\/a><span style=\"color: #999999;\">, Oscar:<\/span> <a href=\"https:\/\/theater-altenburg-gera.de\/ueber-uns\/mitarbeiter\/mitarbeiter\/?tx_theatre_person%5Baction%5D=show&amp;tx_theatre_person%5Bactor%5D=532&amp;cHash=31624c1533426d8f6924d3f52a2a8922\">Miriam Zubieta<\/a>, <span style=\"color: #999999;\">Silvano:<\/span> <a href=\"https:\/\/theater-altenburg-gera.de\/ueber-uns\/mitarbeiter\/mitarbeiter\/?tx_theatre_person%5Baction%5D=show&amp;tx_theatre_person%5Bactor%5D=54&amp;cHash=be01207b2a22a8b5ecfdfc73ba935878\">Johannes Beck<\/a><span style=\"color: #999999;\">, Samuel: <\/span><a href=\"https:\/\/theater-altenburg-gera.de\/ueber-uns\/mitarbeiter\/mitarbeiter\/?tx_theatre_person%5Baction%5D=show&amp;tx_theatre_person%5Bactor%5D=2&amp;cHash=94621f144870de21b1d1e7a3e1ec5901\">Kai Wefer<\/a><span style=\"color: #999999;\">, Tom: <\/span><a href=\"https:\/\/theater-altenburg-gera.de\/ueber-uns\/mitarbeiter\/mitarbeiter\/?tx_theatre_person%5Baction%5D=show&amp;tx_theatre_person%5Bactor%5D=530&amp;cHash=f6e5bed0058014f3413a686799497014\">Ulrich Burdack<span style=\"color: #999999;\">, <\/span><\/a><span style=\"color: #999999;\">Ein Richter\/ Ein Diener Amelias:<\/span> <a href=\"https:\/\/theater-altenburg-gera.de\/ueber-uns\/mitarbeiter\/mitarbeiter\/?tx_theatre_person%5Baction%5D=show&amp;tx_theatre_person%5Bactor%5D=628&amp;cHash=7ea9f450480c273d72b09cd87b1c8228\">Florian Neubauer.<\/a><\/strong><\/h6>\n<h6><span style=\"color: #000000;\"><strong>Chor, Chorg\u00e4ste <span style=\"color: #808080;\">und<\/span> Jugendchor <span style=\"color: #808080;\">sowie die<\/span> Statisterie des Theaters Altenburg-Gera, <\/strong><strong>Philharmonisches Orchester Altenburg-Gera. <br><\/strong><\/span><\/h6>\n\n\n<p><\/p>\n","protected":false},"excerpt":{"rendered":"<p>Musikalische Leitung: Laurent Wagner,&nbsp;Inszenierung: J\u00f6rg Behr, B\u00fchne, Kost\u00fcme: Anna Brandst\u00e4tter, Choreinstudierung: Gerald Krammer, Dramaturgie: Felix Eckerle. Riccardo: Isaac Lee, Renato: Alejandro L\u00e1rraga Schleske, Amelia: Anne Preu\u00df, Ulrica: Eva-Maria Wurlitzer, Oscar: Miriam Zubieta, Silvano: Johannes Beck, Samuel: Kai Wefer, Tom: Ulrich Burdack, Ein Richter\/ Ein Diener &hellip; <a href=\"https:\/\/www.joergbehr.de\/?page_id=1676\" class=\"more-link\"><span>Continue reading<span class=\"screen-reader-text\">Besetzung Un Ballo In Maschera (Ein Maskenball)<\/span><\/span><\/a><\/p>\n","protected":false},"author":1,"featured_media":1705,"parent":1716,"menu_order":0,"comment_status":"closed","ping_status":"closed","template":"","meta":{"jetpack_post_was_ever_published":false,"footnotes":""},"class_list":["post-1676","page","type-page","status-publish","has-post-thumbnail","hentry"],"jetpack_sharing_enabled":true,"jetpack_shortlink":"https:\/\/wp.me\/P9tc3I-r2","jetpack_likes_enabled":true,"jetpack-related-posts":[],"_links":{"self":[{"href":"https:\/\/www.joergbehr.de\/index.php?rest_route=\/wp\/v2\/pages\/1676","targetHints":{"allow":["GET"]}}],"collection":[{"href":"https:\/\/www.joergbehr.de\/index.php?rest_route=\/wp\/v2\/pages"}],"about":[{"href":"https:\/\/www.joergbehr.de\/index.php?rest_route=\/wp\/v2\/types\/page"}],"author":[{"embeddable":true,"href":"https:\/\/www.joergbehr.de\/index.php?rest_route=\/wp\/v2\/users\/1"}],"replies":[{"embeddable":true,"href":"https:\/\/www.joergbehr.de\/index.php?rest_route=%2Fwp%2Fv2%2Fcomments&post=1676"}],"version-history":[{"count":7,"href":"https:\/\/www.joergbehr.de\/index.php?rest_route=\/wp\/v2\/pages\/1676\/revisions"}],"predecessor-version":[{"id":1718,"href":"https:\/\/www.joergbehr.de\/index.php?rest_route=\/wp\/v2\/pages\/1676\/revisions\/1718"}],"up":[{"embeddable":true,"href":"https:\/\/www.joergbehr.de\/index.php?rest_route=\/wp\/v2\/pages\/1716"}],"wp:featuredmedia":[{"embeddable":true,"href":"https:\/\/www.joergbehr.de\/index.php?rest_route=\/wp\/v2\/media\/1705"}],"wp:attachment":[{"href":"https:\/\/www.joergbehr.de\/index.php?rest_route=%2Fwp%2Fv2%2Fmedia&parent=1676"}],"curies":[{"name":"wp","href":"https:\/\/api.w.org\/{rel}","templated":true}]}}