{"id":2158,"date":"2022-02-16T12:49:08","date_gmt":"2022-02-16T11:49:08","guid":{"rendered":"https:\/\/www.joergbehr.de\/?page_id=2158"},"modified":"2022-02-16T13:01:02","modified_gmt":"2022-02-16T12:01:02","slug":"besetzung-haendel-serse","status":"publish","type":"page","link":"https:\/\/www.joergbehr.de\/?page_id=2158","title":{"rendered":"Besetzung H\u00e4ndel SERSE"},"content":{"rendered":"<h6><strong><span style=\"color: #808080;\">Musikalische Leitung:<\/span> <span style=\"color: #00ccff;\"><span style=\"color: #3366ff;\">Eva Maria Pollerus<\/span><span style=\"color: #808080;\"> \u00b7<\/span><\/span><span style=\"color: #808080;\">\u00a0Inszenierung:<\/span><span style=\"color: #3366ff;\"> J\u00f6rg Behr \u00b7<\/span> <span style=\"color: #808080;\">B\u00fchne:<\/span> <span style=\"color: #3366ff;\">Andreas Wilkens <\/span>\u00b7 <span style=\"color: #808080;\">Kost\u00fcme:<\/span> <span style=\"color: #3366ff;\">Natalie Krautkr\u00e4mer<\/span><\/strong><\/h6>\n<h6><strong><span style=\"color: #999999;\">Serse:<\/span> <span style=\"color: #3366ff;\">Annemarie Pfahler \/ Maria Zibert <\/span>\u00b7 <span style=\"color: #999999;\">Arsamene:<\/span> <span style=\"color: #3366ff;\">Gu\u00e9naelle Moerth \/ Mascha Melts <\/span>\u00b7<\/strong> <strong><span style=\"color: #999999;\">Romilda:<\/span> <span style=\"color: #3366ff;\">Suh Yoon Chang \/ Geonhee Kim<\/span> \u00b7 <span style=\"color: #999999;\">Amastre:<\/span> <span style=\"color: #3366ff;\">Milena Haunhorst<\/span> \u00b7<span style=\"color: #999999;\"> Elviro:<\/span> <span style=\"color: #00ccff;\"><span style=\"color: #3366ff;\">Maximilian Schmitt<\/span> <\/span><\/strong> \u00b7<\/h6>\n<h6><span style=\"color: #999999;\">(<strong>Alle Darsteller*innen Studierende des FB Gesang der HfMDK Frankfurt)<\/strong><\/span><\/h6>\n<h6 id=\"block-1abda039-2565-4724-83c1-e4391c28bd21\" class=\"block-editor-rich-text__editable block-editor-block-list__block wp-block is-selected wp-block-heading rich-text\" tabindex=\"0\" role=\"document\" contenteditable=\"true\" aria-multiline=\"true\" aria-label=\"Block: \u00dcberschrift\" data-block=\"1abda039-2565-4724-83c1-e4391c28bd21\" data-type=\"core\/heading\" data-title=\"\u00dcberschrift\"><strong>Barockensemble des Instituts f\u00fcr Historische Auff\u00fchrungspraxis der HfMDK Frankfurt <span style=\"color: #999999;\">(Leitung: Eva Maria Pollerus)<\/span><\/strong><\/h6>\n\n\n<p><\/p>\n","protected":false},"excerpt":{"rendered":"<p>Musikalische Leitung: Eva Maria Pollerus \u00b7\u00a0Inszenierung: J\u00f6rg Behr \u00b7 B\u00fchne: Andreas Wilkens \u00b7 Kost\u00fcme: Natalie Krautkr\u00e4mer Serse: Annemarie Pfahler \/ Maria Zibert \u00b7 Arsamene: Gu\u00e9naelle Moerth \/ Mascha Melts \u00b7 Romilda: Suh Yoon Chang \/ Geonhee Kim \u00b7 Amastre: Milena Haunhorst \u00b7 Elviro: Maximilian Schmitt &hellip; <a href=\"https:\/\/www.joergbehr.de\/?page_id=2158\" class=\"more-link\"><span>Continue reading<span class=\"screen-reader-text\">Besetzung H\u00e4ndel SERSE<\/span><\/span><\/a><\/p>\n","protected":false},"author":1,"featured_media":0,"parent":0,"menu_order":0,"comment_status":"closed","ping_status":"closed","template":"","meta":{"jetpack_post_was_ever_published":false,"footnotes":""},"class_list":["post-2158","page","type-page","status-publish","hentry"],"jetpack_sharing_enabled":true,"jetpack_shortlink":"https:\/\/wp.me\/P9tc3I-yO","jetpack_likes_enabled":true,"jetpack-related-posts":[{"id":2151,"url":"https:\/\/www.joergbehr.de\/?page_id=2151","url_meta":{"origin":2158,"position":0},"title":"H\u00e4ndel SERSE (XERXES) \u2013 HfMDK Frankurt","author":"Schorse","date":"16. Februar 2022","format":false,"excerpt":"https:\/\/www.joergbehr.de\/?page_id=2158 Wirklich ein Fest sind die Premieren meiner Inszenierung von H\u00e4ndel SERSE letzten Freitag, dem 4. Februar 2022, gewesen - wie Eva-Maria Pollerus, die Musikalische Leiterin von SERSE und Leiterin des Instituts f\u00fcr Historische Auff\u00fchrungspraxis in der \"Frankfurter Schule\", der HfMDK Frankfurt - hinterher so treffend sagte: Wir konnten beide\u2026","rel":"","context":"\u00c4hnlicher Beitrag","block_context":{"text":"\u00c4hnlicher Beitrag","link":""},"img":{"alt_text":"","src":"https:\/\/i0.wp.com\/www.joergbehr.de\/wp-content\/uploads\/2022\/02\/1_JRB_5895.jpg?fit=1200%2C801&ssl=1&resize=350%2C200","width":350,"height":200,"srcset":"https:\/\/i0.wp.com\/www.joergbehr.de\/wp-content\/uploads\/2022\/02\/1_JRB_5895.jpg?fit=1200%2C801&ssl=1&resize=350%2C200 1x, https:\/\/i0.wp.com\/www.joergbehr.de\/wp-content\/uploads\/2022\/02\/1_JRB_5895.jpg?fit=1200%2C801&ssl=1&resize=525%2C300 1.5x, https:\/\/i0.wp.com\/www.joergbehr.de\/wp-content\/uploads\/2022\/02\/1_JRB_5895.jpg?fit=1200%2C801&ssl=1&resize=700%2C400 2x, https:\/\/i0.wp.com\/www.joergbehr.de\/wp-content\/uploads\/2022\/02\/1_JRB_5895.jpg?fit=1200%2C801&ssl=1&resize=1050%2C600 3x"},"classes":[]},{"id":746,"url":"https:\/\/www.joergbehr.de\/?page_id=746","url_meta":{"origin":2158,"position":1},"title":"Besetzung HELENA","author":"Schorse","date":"13. Dezember 2017","format":false,"excerpt":"Inszenierung: J\u00f6rg Behr, Musik: Jan F. Kurth, B\u00fchne und Kost\u00fcme: Marc Weeger und Silke Willrett, Dramaturgie: Geeske Otten. Helena: Ute Fiedler, Chorf\u00fchrerin: Eva Maria Keller, Teukros\/Bote: Anton Koelbl, Menelaos: Klaus M\u00fcller, Theno\u00eb \/ Helena 2: Karoline Reinke, Theoklymenos: Toomas T\u00e4ht, Staatsminister: Alexander Koll, Kind: Lieselotte Fischer \/ Jessica Bodingbauer Band:\u2026","rel":"","context":"\u00c4hnlicher Beitrag","block_context":{"text":"\u00c4hnlicher Beitrag","link":""},"img":{"alt_text":"","src":"","width":0,"height":0},"classes":[]},{"id":500,"url":"https:\/\/www.joergbehr.de\/?page_id=500","url_meta":{"origin":2158,"position":2},"title":"Besetzung Anatevka","author":"Schorse","date":"6. Dezember 2017","format":false,"excerpt":"Musikalische Leitung: Hans-Georg Wilhelm, Inszenierung: J\u00f6rg Behr, Choreographie: Moira Fetterman, B\u00fchne und Kost\u00fcme: Marc Weeger, Dramaturgie: Lona Lejeune. Mit: Sonja Dengler, Rainer Haring, Oliver Jacobs, Nadine Kettler, David Liske, Rosalinde Renn, Stefan Roschy, Dimetrio-Giovanni Rupp, Patrick Schadenberg, Maria Thomas, Constanze Weinig, Berth Wesselmann, Hans-Georg Wilhelm, Patrick Wudtke und den Musikern:\u2026","rel":"","context":"\u00c4hnlicher Beitrag","block_context":{"text":"\u00c4hnlicher Beitrag","link":""},"img":{"alt_text":"","src":"","width":0,"height":0},"classes":[]},{"id":694,"url":"https:\/\/www.joergbehr.de\/?page_id=694","url_meta":{"origin":2158,"position":3},"title":"Besetzung COSI FAN TUTTE","author":"Schorse","date":"13. Dezember 2017","format":false,"excerpt":"Musikalische Leitung: Georg Pammer, Inszenierung: J\u00f6rg Behr, B\u00fchne und Kost\u00fcme: Sabina Moncys, Dramaturgie: Thomas Fiedler. Fiordiligi: Julie Koch \/ Val\u00e9rie Danesin, Dorabella: Nina d\u2019Angiolella \/ Maria Victoria Haas, \u00a0Despina: Marysol Schalit \/ Catriona B\u00fchler, Ferrando: William Lombardi, Guglielmo: Roger Bucher, Don Alfonso: J\u00e9r\u00e9mie Brocard \/ Pavel Novacki (Mitglieder des Schweizer\u2026","rel":"","context":"\u00c4hnlicher Beitrag","block_context":{"text":"\u00c4hnlicher Beitrag","link":""},"img":{"alt_text":"","src":"","width":0,"height":0},"classes":[]},{"id":1676,"url":"https:\/\/www.joergbehr.de\/?page_id=1676","url_meta":{"origin":2158,"position":4},"title":"Besetzung Un Ballo In Maschera (Ein Maskenball)","author":"Schorse","date":"7. Dezember 2019","format":false,"excerpt":"Musikalische Leitung: Laurent Wagner,\u00a0Inszenierung: J\u00f6rg Behr, B\u00fchne, Kost\u00fcme: Anna Brandst\u00e4tter, Choreinstudierung: Gerald Krammer, Dramaturgie: Felix Eckerle. Riccardo: Isaac Lee, Renato: Alejandro L\u00e1rraga Schleske, Amelia: Anne Preu\u00df, Ulrica: Eva-Maria Wurlitzer, Oscar: Miriam Zubieta, Silvano: Johannes Beck, Samuel: Kai Wefer, Tom: Ulrich Burdack, Ein Richter\/ Ein Diener Amelias: Florian Neubauer. Chor, Chorg\u00e4ste\u2026","rel":"","context":"\u00c4hnlicher Beitrag","block_context":{"text":"\u00c4hnlicher Beitrag","link":""},"img":{"alt_text":"","src":"https:\/\/i0.wp.com\/www.joergbehr.de\/wp-content\/uploads\/2019\/12\/JRB_2368-scaled.jpg?fit=1200%2C801&ssl=1&resize=350%2C200","width":350,"height":200,"srcset":"https:\/\/i0.wp.com\/www.joergbehr.de\/wp-content\/uploads\/2019\/12\/JRB_2368-scaled.jpg?fit=1200%2C801&ssl=1&resize=350%2C200 1x, https:\/\/i0.wp.com\/www.joergbehr.de\/wp-content\/uploads\/2019\/12\/JRB_2368-scaled.jpg?fit=1200%2C801&ssl=1&resize=525%2C300 1.5x, https:\/\/i0.wp.com\/www.joergbehr.de\/wp-content\/uploads\/2019\/12\/JRB_2368-scaled.jpg?fit=1200%2C801&ssl=1&resize=700%2C400 2x, https:\/\/i0.wp.com\/www.joergbehr.de\/wp-content\/uploads\/2019\/12\/JRB_2368-scaled.jpg?fit=1200%2C801&ssl=1&resize=1050%2C600 3x"},"classes":[]},{"id":648,"url":"https:\/\/www.joergbehr.de\/?page_id=648","url_meta":{"origin":2158,"position":5},"title":"Besetzung CS\u00c1RD\u00c1SF\u00dcRSTIN","author":"Schorse","date":"10. Dezember 2017","format":false,"excerpt":"Musikalische Leitung: Gerhard Markson, Regie: J\u00f6rg Behr, Choreographie: Christer Tornell, B\u00fchne und Kost\u00fcme: Marc Weeger. Sylva Varescu: Ida Gudim Sletner, F\u00fcrst Edwin von Lippert-Weylersheim: Mikkel Fjeld Skorpen, Graf Boni Kancsianu: Knut Kristian Mohn, Stasi von Eggenberg: Mathilde Salmi Marjavara, Feri Bacsi: Dagfinn Andersen, F\u00fcrst Leopold Maria Lippert-Weylersheim, Edwins Vater: Carl-Fredrik\u2026","rel":"","context":"\u00c4hnlicher Beitrag","block_context":{"text":"\u00c4hnlicher Beitrag","link":""},"img":{"alt_text":"","src":"","width":0,"height":0},"classes":[]}],"_links":{"self":[{"href":"https:\/\/www.joergbehr.de\/index.php?rest_route=\/wp\/v2\/pages\/2158","targetHints":{"allow":["GET"]}}],"collection":[{"href":"https:\/\/www.joergbehr.de\/index.php?rest_route=\/wp\/v2\/pages"}],"about":[{"href":"https:\/\/www.joergbehr.de\/index.php?rest_route=\/wp\/v2\/types\/page"}],"author":[{"embeddable":true,"href":"https:\/\/www.joergbehr.de\/index.php?rest_route=\/wp\/v2\/users\/1"}],"replies":[{"embeddable":true,"href":"https:\/\/www.joergbehr.de\/index.php?rest_route=%2Fwp%2Fv2%2Fcomments&post=2158"}],"version-history":[{"count":8,"href":"https:\/\/www.joergbehr.de\/index.php?rest_route=\/wp\/v2\/pages\/2158\/revisions"}],"predecessor-version":[{"id":2173,"href":"https:\/\/www.joergbehr.de\/index.php?rest_route=\/wp\/v2\/pages\/2158\/revisions\/2173"}],"wp:attachment":[{"href":"https:\/\/www.joergbehr.de\/index.php?rest_route=%2Fwp%2Fv2%2Fmedia&parent=2158"}],"curies":[{"name":"wp","href":"https:\/\/api.w.org\/{rel}","templated":true}]}}